{"id":3294,"date":"2025-06-02T12:07:13","date_gmt":"2025-06-02T10:07:13","guid":{"rendered":"https:\/\/bielefelder-friedensini.de\/?page_id=3294"},"modified":"2026-03-23T10:50:40","modified_gmt":"2026-03-23T08:50:40","slug":"bielefelder-appell","status":"publish","type":"page","link":"https:\/\/bielefelder-friedensini.de\/?page_id=3294","title":{"rendered":"Bielefelder Appell"},"content":{"rendered":"\n<p class=\"has-medium-font-size\"><\/p>\n\n\n\n<p class=\"has-large-font-size\"><strong>Biele<\/strong><strong>f<\/strong><strong>e<\/strong><strong>l<\/strong><strong>derAppell f\u00fcr den Frieden<\/strong><\/p>\n\n\n\n<p class=\"has-medium-font-size\">Wir Bielefelder Einwohnerinnen und Einwohner unterzeichnen diesen Appell f\u00fcr den Frieden um ein Zeichen zu setzen.<\/p>\n\n\n\n<p class=\"has-medium-font-size\">Wir sp\u00fcren t\u00e4glich schmerzhafter, wie die eskalierenden Kriege auch unsere Stadtgesellschaft spalten, den Zusammenhalt zerst\u00f6ren und friedliche Zukunftsvisionen zunichte machen.<\/p>\n\n\n\n<p class=\"has-medium-font-size\">Menschen unterschiedlichster nationaler, politischer und religi\u00f6ser Herkunft pr\u00e4gen unsere Stadt. Viele von ihnen sind von den aktuellen Kriegen unmittelbar oder mittelbar betroffen. Sie leiden mit ihren Verwandten und Freunden in den vom Krieg zerst\u00f6rten oder bedrohten Gebieten. Sie verzweifeln angesichts get\u00f6teter und verletzter Angeh\u00f6riger und Freunde.<\/p>\n\n\n\n<p class=\"has-medium-font-size\">Wir trauern um sie als Angeh\u00f6rige und Mitmenschen.<\/p>\n\n\n\n<p class=\"has-medium-font-size\">Wir fordern alle Einwohnerinnen und Einwohner Bielefelds auf sich mit uns entschieden gegen alle Kriege zu stellen und den Frieden zu fordern f\u00fcr Bielefeld, Deutschland, Europa und die ganze Welt. Das T\u00f6ten und die Eskalation von Konflikten m\u00fcssen aufh\u00f6ren. Waffenstillstandsbem\u00fchungen und die Suche nach Verhandlungsl\u00f6sungen sind das Gebot der Stunde.<\/p>\n\n\n\n<p class=\"has-medium-font-size\">Daf\u00fcr wollen wir uns einsetzen. Richtschnur unseres Handelns sind die Pr\u00e4ambel des Grundgesetzes f\u00fcr die Bundesrepublik Deutschland: <strong>\u201e\u2026von dem Willen beseelt, als gleichberechtigtes Glied in einem vereinten Europa dem Frieden der Welt zu dienen\u2026.\u201c <\/strong>und der Artikel I, Abs.2: <strong>\u201eDas deutsche Volk bekennt sich darum zu unverletzlichen und unver\u00e4u\u00dferlichen Menschenrechten als Grundlage jeder menschlichen Gemeinschaft, des Friedens und der Gerechtigkeit in der Welt.\u201c<\/strong><\/p>\n\n\n\n<p><\/p>\n\n\n\n<p><\/p>\n\n\n\n<p class=\"has-large-font-size\"><strong>Erstunterzeichnende:<\/strong><\/p>\n\n\n\n<p class=\"has-medium-font-size\">&#8211; AK Blumen f\u00fcr Stukenbrock AG <br>&#8211; Regenwald und Artenschutz<br>&#8211; Bielefelder Nahostinitiative<br>&#8211; B\u00fcndnis islamischer Gemeinden in Bielefeld e.V.<br>&#8211; Deutsche Friedensgesellschaft Vereinigte-KriegsdienstgegnerInnen OWL<br>&#8211; DIDF Bielefeld<br>&#8211; Die h\u00e4ngenden G\u00e4rten von Bielefeld<br>&#8211; Evangelischer Kirchenkreis Bielefeld <br>&#8211; Bertold Becker, Pfarrer<br>&#8211; fairleben gt e.V.<br>&#8211; FreeAssange<br>&#8211; Friedensdemo gegen den V\u00f6lkermord in Pal\u00e4stina Bielefeld<br>&#8211; Friedensinitiative Bielefeld\/OWL<br>&#8211; GEW Bielefeld<br>&#8211; Health for Future<br>&#8211; IPPNW Ostwestfalen-Bielefeld<br>&#8211; Islamisches Zentrum Bielefeld<br>&#8211; SDAJ Bielefeld<br>&#8211; Solidarit\u00e4t f\u00fcr Pal\u00e4stina<br>&#8211; Kuratorium St\u00e4dtepartnerschaft Bielefeld-Welikij Nowgorod e.V.<br>&#8211; VVN- BDA Kreis Bielefeld u.U. <br>&#8211; Vers\u00f6hnungsbund<br>&#8211; Ver.di-Bezirk OWL<\/p>\n\n\n\n<p class=\"has-medium-font-size\"><br><strong>Kontakt: <a href=\"mailto:kontakt@bielefelder-friedensini.de\">kontakt@bielefelder-friedensini.de<\/a><\/strong><\/p>\n\n\n\n<figure class=\"wp-block-image size-full\"><a href=\"https:\/\/bielefelder-friedensini.de\/wp-content\/uploads\/2025\/06\/Logo_Friedensinitiative-Bielefeld.jpg\"><img loading=\"lazy\" decoding=\"async\" width=\"940\" height=\"348\" src=\"https:\/\/bielefelder-friedensini.de\/wp-content\/uploads\/2025\/06\/Logo_Friedensinitiative-Bielefeld.jpg\" alt=\"\" class=\"wp-image-3317\" srcset=\"https:\/\/bielefelder-friedensini.de\/wp-content\/uploads\/2025\/06\/Logo_Friedensinitiative-Bielefeld.jpg 940w, https:\/\/bielefelder-friedensini.de\/wp-content\/uploads\/2025\/06\/Logo_Friedensinitiative-Bielefeld-300x111.jpg 300w, https:\/\/bielefelder-friedensini.de\/wp-content\/uploads\/2025\/06\/Logo_Friedensinitiative-Bielefeld-768x284.jpg 768w\" sizes=\"auto, (max-width: 940px) 100vw, 940px\" \/><\/a><\/figure>\n\n\n\n<p><\/p>\n\n\n\n<p><\/p>\n\n\n\n<p class=\"has-large-font-size\"><strong>Unterschriftenliste Bielefelder Appell:<\/strong><\/p>\n\n\n\n<figure class=\"wp-block-gallery has-nested-images columns-default is-cropped wp-block-gallery-1 is-layout-flex wp-block-gallery-is-layout-flex\">\n<figure class=\"wp-block-image size-large\"><a href=\"https:\/\/bielefelder-friedensini.de\/wp-content\/uploads\/2025\/06\/Bielefelder_Appell_Unterschriftenliste_final-1.jpg\"><img loading=\"lazy\" decoding=\"async\" width=\"724\" height=\"1024\" data-id=\"3325\" src=\"https:\/\/bielefelder-friedensini.de\/wp-content\/uploads\/2025\/06\/Bielefelder_Appell_Unterschriftenliste_final-1-724x1024.jpg\" alt=\"\" class=\"wp-image-3325\" srcset=\"https:\/\/bielefelder-friedensini.de\/wp-content\/uploads\/2025\/06\/Bielefelder_Appell_Unterschriftenliste_final-1-724x1024.jpg 724w, https:\/\/bielefelder-friedensini.de\/wp-content\/uploads\/2025\/06\/Bielefelder_Appell_Unterschriftenliste_final-1-212x300.jpg 212w, https:\/\/bielefelder-friedensini.de\/wp-content\/uploads\/2025\/06\/Bielefelder_Appell_Unterschriftenliste_final-1-768x1086.jpg 768w, https:\/\/bielefelder-friedensini.de\/wp-content\/uploads\/2025\/06\/Bielefelder_Appell_Unterschriftenliste_final-1.jpg 794w\" sizes=\"auto, (max-width: 724px) 100vw, 724px\" \/><\/a><\/figure>\n<\/figure>\n\n\n\n<p class=\"has-medium-font-size\">Unterschriftenliste: <a href=\"https:\/\/bielefelder-friedensini.de\/wp-content\/uploads\/2025\/06\/Bielefelder_Appell_Unterschriftenliste_final-1.pdf\">https:\/\/bielefelder-friedensini.de\/wp-content\/uploads\/2025\/06\/Bielefelder_Appell_Unterschriftenliste_final-1.pdf<\/a> <\/p>\n\n\n\n<p class=\"has-medium-font-size\">Der Bielefelder Appell kann auch mit einer E-Mail an <a>kontakt@bielefelder-friedensini.de<\/a> unterschrieben werden.<\/p>\n\n\n\n<p><\/p>\n","protected":false},"excerpt":{"rendered":"<p>BielefelderAppell f\u00fcr den Frieden Wir Bielefelder Einwohnerinnen und Einwohner unterzeichnen diesen Appell f\u00fcr den Frieden um ein Zeichen zu setzen. Wir sp\u00fcren t\u00e4glich schmerzhafter, wie die eskalierenden Kriege auch unsere Stadtgesellschaft spalten, den Zusammenhalt zerst\u00f6ren und friedliche Zukunftsvisionen zunichte machen. Menschen unterschiedlichster nationaler, politischer und religi\u00f6ser Herkunft pr\u00e4gen unsere Stadt. Viele von ihnen sind von &hellip; <a href=\"https:\/\/bielefelder-friedensini.de\/?page_id=3294\" class=\"more-link\"><span class=\"screen-reader-text\">Bielefelder Appell<\/span> weiterlesen <span class=\"meta-nav\">&rarr;<\/span><\/a><\/p>\n","protected":false},"author":6,"featured_media":0,"parent":0,"menu_order":0,"comment_status":"closed","ping_status":"closed","template":"","meta":{"footnotes":""},"class_list":["post-3294","page","type-page","status-publish","hentry"],"_links":{"self":[{"href":"https:\/\/bielefelder-friedensini.de\/index.php?rest_route=\/wp\/v2\/pages\/3294","targetHints":{"allow":["GET"]}}],"collection":[{"href":"https:\/\/bielefelder-friedensini.de\/index.php?rest_route=\/wp\/v2\/pages"}],"about":[{"href":"https:\/\/bielefelder-friedensini.de\/index.php?rest_route=\/wp\/v2\/types\/page"}],"author":[{"embeddable":true,"href":"https:\/\/bielefelder-friedensini.de\/index.php?rest_route=\/wp\/v2\/users\/6"}],"replies":[{"embeddable":true,"href":"https:\/\/bielefelder-friedensini.de\/index.php?rest_route=%2Fwp%2Fv2%2Fcomments&post=3294"}],"version-history":[{"count":7,"href":"https:\/\/bielefelder-friedensini.de\/index.php?rest_route=\/wp\/v2\/pages\/3294\/revisions"}],"predecessor-version":[{"id":3570,"href":"https:\/\/bielefelder-friedensini.de\/index.php?rest_route=\/wp\/v2\/pages\/3294\/revisions\/3570"}],"wp:attachment":[{"href":"https:\/\/bielefelder-friedensini.de\/index.php?rest_route=%2Fwp%2Fv2%2Fmedia&parent=3294"}],"curies":[{"name":"wp","href":"https:\/\/api.w.org\/{rel}","templated":true}]}}