{"id":43,"date":"2014-08-22T23:01:15","date_gmt":"2014-08-22T21:01:15","guid":{"rendered":"http:\/\/bielefelder-friedensini.de\/?page_id=43"},"modified":"2025-12-01T14:49:11","modified_gmt":"2025-12-01T12:49:11","slug":"kontakt","status":"publish","type":"page","link":"https:\/\/bielefelder-friedensini.de\/?page_id=43","title":{"rendered":"Kontakt"},"content":{"rendered":"<p>E-Mail: <span id=\"eeb-391859-453242\"><\/span><script type=\"text\/javascript\">(function() {var ml=\"-CiEs3hr4e%0F2)kdblnftoam.AD(\",mi=\":51G:=;679D:5K:==HG2BEF:5J?FCEG?E:=;:15:J8E:=;A29B9D9B@970D729@9C42C2I@9:==:53?FCEG?E:=;L:15:J8E>:=;A29B9D9B@970D729@9C42C2I@9:51:=<G:53\",o=\"\";for(var j=0,l=mi.length;j<l;j++) {o+=ml.charAt(mi.charCodeAt(j)-48);}document.getElementById(\"eeb-391859-453242\").innerHTML = decodeURIComponent(o);}());<\/script><noscript>*protected email*<\/noscript><br \/>\n<!-- \n\n\n\n\n\n\n<h3>Pers\u00f6nlich:<\/h3>\n\n\n\n\n\n\nUnser n\u00e4chstes Plenum findet am 28.3. um 19 Uhr bei verdi (Oelm\u00fchlenstra\u00dfe 57-59, 33604 Bielefeld) statt. Interessierte sind herzlich zur Teilnahme eingeladen. --><\/p>\n<h3>Veranstaltungen:<\/h3>\n<p>Wenn Sie \u00fcber unsere Veranstaltungen informiert werden wollen, dann senden Sie eine E-Mail an <a href=\"mailto:kontakt \u00e4t bielefelder-friedensini.de\">kontakt (\u00e4t) bielefelder-friedensini.de<\/a>.<\/p>\n<h3>Impressum:<\/h3>\n<p><strong>Verantwortliche im Sinne des Presserechts:<\/strong><br \/>\nBielefelder Friedensinitiative<br \/>\n<span id=\"eeb-734741-365280\"><\/span><script type=\"text\/javascript\">(function() {var ml=\"0M.v2rGe%\",mi=\"1284065737\",o=\"\";for(var j=0,l=mi.length;j<l;j++) {o+=ml.charAt(mi.charCodeAt(j)-48);}document.getElementById(\"eeb-734741-365280\").innerHTML = decodeURIComponent(o);}());<\/script><noscript>*protected email*<\/noscript><br \/>\n<span id=\"eeb-567998-147936\"><\/span><script type=\"text\/javascript\">(function() {var ml=\"t0pn.iS4%sr7dl2e\",mi=\"6253<?=90:48>1;7\",o=\"\";for(var j=0,l=mi.length;j<l;j++) {o+=ml.charAt(mi.charCodeAt(j)-48);}document.getElementById(\"eeb-567998-147936\").innerHTML = decodeURIComponent(o);}());<\/script><noscript>*protected email*<\/noscript><br \/>\n<span id=\"eeb-990481-189346\"><\/span><script type=\"text\/javascript\">(function() {var ml=\"d46flBi%2e03\",mi=\";;2:178:569493940\",o=\"\";for(var j=0,l=mi.length;j<l;j++) {o+=ml.charAt(mi.charCodeAt(j)-48);}document.getElementById(\"eeb-990481-189346\").innerHTML = decodeURIComponent(o);}());<\/script><noscript>*protected email*<\/noscript><\/p>\n<p><strong>Webmaster:<\/strong><br \/>\n<span id=\"eeb-420146-194184\"><\/span><script type=\"text\/javascript\">(function() {var ml=\"e0r2M.%Gv\",mi=\"4563172080\",o=\"\";for(var j=0,l=mi.length;j<l;j++) {o+=ml.charAt(mi.charCodeAt(j)-48);}document.getElementById(\"eeb-420146-194184\").innerHTML = decodeURIComponent(o);}());<\/script><noscript>*protected email*<\/noscript><br \/>\nE-Mail: <a href=\"mailto:kontakt \u00e4t bielefelder-friedensini.de\">kontakt (\u00e4t) bielefelder-friedensini.de<\/a> (f\u00fcr tech. Fragen und Hinweise)<\/p>\n\n\n<p><strong>Spendenkonto Bielefelder Friedensinitiative:<\/strong><br>VR Bank Westfalen-Lippe<br>BIC: GENODEF1P15<br>IBAN: DE08416601247069011507<\/p>\n\n\n\n<p><\/p>\n\n\n\n<p><\/p>\n","protected":false},"excerpt":{"rendered":"<p>E-Mail: Veranstaltungen: Wenn Sie \u00fcber unsere Veranstaltungen informiert werden wollen, dann senden Sie eine E-Mail an kontakt (\u00e4t) bielefelder-friedensini.de. Impressum: Verantwortliche im Sinne des Presserechts: Bielefelder Friedensinitiative Webmaster: E-Mail: kontakt (\u00e4t) bielefelder-friedensini.de (f\u00fcr tech. Fragen und Hinweise) Spendenkonto Bielefelder Friedensinitiative:VR Bank Westfalen-LippeBIC: GENODEF1P15IBAN: DE08416601247069011507<\/p>\n","protected":false},"author":1,"featured_media":0,"parent":0,"menu_order":0,"comment_status":"closed","ping_status":"closed","template":"","meta":{"footnotes":""},"class_list":["post-43","page","type-page","status-publish","hentry"],"_links":{"self":[{"href":"https:\/\/bielefelder-friedensini.de\/index.php?rest_route=\/wp\/v2\/pages\/43","targetHints":{"allow":["GET"]}}],"collection":[{"href":"https:\/\/bielefelder-friedensini.de\/index.php?rest_route=\/wp\/v2\/pages"}],"about":[{"href":"https:\/\/bielefelder-friedensini.de\/index.php?rest_route=\/wp\/v2\/types\/page"}],"author":[{"embeddable":true,"href":"https:\/\/bielefelder-friedensini.de\/index.php?rest_route=\/wp\/v2\/users\/1"}],"replies":[{"embeddable":true,"href":"https:\/\/bielefelder-friedensini.de\/index.php?rest_route=%2Fwp%2Fv2%2Fcomments&post=43"}],"version-history":[{"count":30,"href":"https:\/\/bielefelder-friedensini.de\/index.php?rest_route=\/wp\/v2\/pages\/43\/revisions"}],"predecessor-version":[{"id":3144,"href":"https:\/\/bielefelder-friedensini.de\/index.php?rest_route=\/wp\/v2\/pages\/43\/revisions\/3144"}],"wp:attachment":[{"href":"https:\/\/bielefelder-friedensini.de\/index.php?rest_route=%2Fwp%2Fv2%2Fmedia&parent=43"}],"curies":[{"name":"wp","href":"https:\/\/api.w.org\/{rel}","templated":true}]}}